{"id":1154,"date":"2025-03-19T13:52:46","date_gmt":"2025-03-19T12:52:46","guid":{"rendered":"https:\/\/www.vertuan.com\/insights-news\/"},"modified":"2025-04-06T20:43:22","modified_gmt":"2025-04-06T18:43:22","slug":"insights-news","status":"publish","type":"page","link":"https:\/\/www.vertuan.com\/en\/insights-news\/","title":{"rendered":"Insights &amp; News"},"content":{"rendered":"\t\t<div data-elementor-type=\"wp-page\" data-elementor-id=\"1154\" class=\"elementor elementor-1154 elementor-198\" data-elementor-post-type=\"page\">\n\t\t\t\t\t\t<section class=\"elementor-section elementor-top-section elementor-element elementor-element-9e49fa3 elementor-section-height-min-height elementor-section-boxed elementor-section-height-default elementor-section-items-middle\" data-id=\"9e49fa3\" data-element_type=\"section\" data-e-type=\"section\" data-settings=\"{&quot;background_background&quot;:&quot;classic&quot;}\">\n\t\t\t\t\t\t\t<div class=\"elementor-background-overlay\"><\/div>\n\t\t\t\t\t\t\t<div class=\"elementor-container elementor-column-gap-default\">\n\t\t\t\t\t<div class=\"elementor-column elementor-col-100 elementor-top-column elementor-element elementor-element-7fc9318f elementor-invisible\" data-id=\"7fc9318f\" data-element_type=\"column\" data-e-type=\"column\" data-settings=\"{&quot;background_background&quot;:&quot;classic&quot;,&quot;animation&quot;:&quot;fadeInUp&quot;}\">\n\t\t\t<div class=\"elementor-widget-wrap elementor-element-populated\">\n\t\t\t\t\t<div class=\"elementor-background-overlay\"><\/div>\n\t\t\t\t\t\t<div class=\"elementor-element elementor-element-28ec63ab elementor-widget elementor-widget-heading\" data-id=\"28ec63ab\" data-element_type=\"widget\" data-e-type=\"widget\" data-widget_type=\"heading.default\">\n\t\t\t\t<div class=\"elementor-widget-container\">\n\t\t\t\t\t<h1 class=\"elementor-heading-title elementor-size-default\">Insights &amp; News<\/h1>\t\t\t\t<\/div>\n\t\t\t\t<\/div>\n\t\t\t\t\t<\/div>\n\t\t<\/div>\n\t\t\t\t\t<\/div>\n\t\t<\/section>\n\t\t\t\t<section class=\"elementor-section elementor-top-section elementor-element elementor-element-3519c21 elementor-section-full_width elementor-section-height-default elementor-section-height-default\" data-id=\"3519c21\" data-element_type=\"section\" data-e-type=\"section\">\n\t\t\t\t\t\t\t<div class=\"elementor-background-overlay\"><\/div>\n\t\t\t\t\t\t\t<div class=\"elementor-container elementor-column-gap-default\">\n\t\t\t\t\t<div class=\"elementor-column elementor-col-50 elementor-top-column elementor-element elementor-element-531ca3d\" data-id=\"531ca3d\" data-element_type=\"column\" data-e-type=\"column\" data-settings=\"{&quot;animation&quot;:&quot;none&quot;,&quot;background_background&quot;:&quot;classic&quot;}\">\n\t\t\t<div class=\"elementor-widget-wrap elementor-element-populated\">\n\t\t\t\t\t<div class=\"elementor-background-overlay\"><\/div>\n\t\t\t\t\t\t<div class=\"elementor-element elementor-element-e3fbff0 elementor-widget elementor-widget-heading\" data-id=\"e3fbff0\" data-element_type=\"widget\" data-e-type=\"widget\" data-widget_type=\"heading.default\">\n\t\t\t\t<div class=\"elementor-widget-container\">\n\t\t\t\t\t<h6 class=\"elementor-heading-title elementor-size-default\">Put Knowledge at the Heart of Your Strategy<\/h6>\t\t\t\t<\/div>\n\t\t\t\t<\/div>\n\t\t\t\t<div class=\"elementor-element elementor-element-38e1db1 elementor-widget elementor-widget-heading\" data-id=\"38e1db1\" data-element_type=\"widget\" data-e-type=\"widget\" data-widget_type=\"heading.default\">\n\t\t\t\t<div class=\"elementor-widget-container\">\n\t\t\t\t\t<h2 class=\"elementor-heading-title elementor-size-default\">Stay Ahead with our Insights <\/h2>\t\t\t\t<\/div>\n\t\t\t\t<\/div>\n\t\t\t\t<div class=\"elementor-element elementor-element-43ec26b0 elementor-widget elementor-widget-text-editor\" data-id=\"43ec26b0\" data-element_type=\"widget\" data-e-type=\"widget\" data-widget_type=\"text-editor.default\">\n\t\t\t\t<div class=\"elementor-widget-container\">\n\t\t\t\t\t\t\t\t\t<p>Vertuan provides strategic analysis, briefings, and in-depth content, that helps clients decode and anticipate regulatory, economic, and geopolitical trends.<\/p><p>We enable clients to convert external shifts into internal momentum.<\/p>\t\t\t\t\t\t\t\t<\/div>\n\t\t\t\t<\/div>\n\t\t\t\t<div class=\"elementor-element elementor-element-0085a97 elementor-icon-list--layout-traditional elementor-list-item-link-full_width elementor-widget elementor-widget-icon-list\" data-id=\"0085a97\" data-element_type=\"widget\" data-e-type=\"widget\" data-widget_type=\"icon-list.default\">\n\t\t\t\t<div class=\"elementor-widget-container\">\n\t\t\t\t\t\t\t<ul class=\"elementor-icon-list-items\">\n\t\t\t\t\t\t\t<li class=\"elementor-icon-list-item\">\n\t\t\t\t\t\t\t\t\t\t\t<span class=\"elementor-icon-list-icon\">\n\t\t\t\t\t\t\t<svg aria-hidden=\"true\" class=\"e-font-icon-svg e-fas-check-circle\" viewBox=\"0 0 512 512\" xmlns=\"http:\/\/www.w3.org\/2000\/svg\"><path d=\"M504 256c0 136.967-111.033 248-248 248S8 392.967 8 256 119.033 8 256 8s248 111.033 248 248zM227.314 387.314l184-184c6.248-6.248 6.248-16.379 0-22.627l-22.627-22.627c-6.248-6.249-16.379-6.249-22.628 0L216 308.118l-70.059-70.059c-6.248-6.248-16.379-6.248-22.628 0l-22.627 22.627c-6.248 6.248-6.248 16.379 0 22.627l104 104c6.249 6.249 16.379 6.249 22.628.001z\"><\/path><\/svg>\t\t\t\t\t\t<\/span>\n\t\t\t\t\t\t\t\t\t\t<span class=\"elementor-icon-list-text\">Strategic Insights<\/span>\n\t\t\t\t\t\t\t\t\t<\/li>\n\t\t\t\t\t\t\t\t<li class=\"elementor-icon-list-item\">\n\t\t\t\t\t\t\t\t\t\t\t<span class=\"elementor-icon-list-icon\">\n\t\t\t\t\t\t\t<svg aria-hidden=\"true\" class=\"e-font-icon-svg e-fas-check-circle\" viewBox=\"0 0 512 512\" xmlns=\"http:\/\/www.w3.org\/2000\/svg\"><path d=\"M504 256c0 136.967-111.033 248-248 248S8 392.967 8 256 119.033 8 256 8s248 111.033 248 248zM227.314 387.314l184-184c6.248-6.248 6.248-16.379 0-22.627l-22.627-22.627c-6.248-6.249-16.379-6.249-22.628 0L216 308.118l-70.059-70.059c-6.248-6.248-16.379-6.248-22.628 0l-22.627 22.627c-6.248 6.248-6.248 16.379 0 22.627l104 104c6.249 6.249 16.379 6.249 22.628.001z\"><\/path><\/svg>\t\t\t\t\t\t<\/span>\n\t\t\t\t\t\t\t\t\t\t<span class=\"elementor-icon-list-text\">News, Articles &amp; Commentary<\/span>\n\t\t\t\t\t\t\t\t\t<\/li>\n\t\t\t\t\t\t\t\t<li class=\"elementor-icon-list-item\">\n\t\t\t\t\t\t\t\t\t\t\t<span class=\"elementor-icon-list-icon\">\n\t\t\t\t\t\t\t<svg aria-hidden=\"true\" class=\"e-font-icon-svg e-fas-check-circle\" viewBox=\"0 0 512 512\" xmlns=\"http:\/\/www.w3.org\/2000\/svg\"><path d=\"M504 256c0 136.967-111.033 248-248 248S8 392.967 8 256 119.033 8 256 8s248 111.033 248 248zM227.314 387.314l184-184c6.248-6.248 6.248-16.379 0-22.627l-22.627-22.627c-6.248-6.249-16.379-6.249-22.628 0L216 308.118l-70.059-70.059c-6.248-6.248-16.379-6.248-22.628 0l-22.627 22.627c-6.248 6.248-6.248 16.379 0 22.627l104 104c6.249 6.249 16.379 6.249 22.628.001z\"><\/path><\/svg>\t\t\t\t\t\t<\/span>\n\t\t\t\t\t\t\t\t\t\t<span class=\"elementor-icon-list-text\">Briefings<\/span>\n\t\t\t\t\t\t\t\t\t<\/li>\n\t\t\t\t\t\t<\/ul>\n\t\t\t\t\t\t<\/div>\n\t\t\t\t<\/div>\n\t\t\t\t<div class=\"elementor-element elementor-element-6c19dbb elementor-widget elementor-widget-button\" data-id=\"6c19dbb\" data-element_type=\"widget\" data-e-type=\"widget\" data-widget_type=\"button.default\">\n\t\t\t\t<div class=\"elementor-widget-container\">\n\t\t\t\t\t\t\t\t\t<div class=\"elementor-button-wrapper\">\n\t\t\t\t\t<a class=\"elementor-button elementor-button-link elementor-size-sm\" href=\"https:\/\/www.vertuan.com\/en\/category\/rapports\/\">\n\t\t\t\t\t\t<span class=\"elementor-button-content-wrapper\">\n\t\t\t\t\t\t<span class=\"elementor-button-icon\">\n\t\t\t\t<svg aria-hidden=\"true\" class=\"e-font-icon-svg e-far-file-pdf\" viewBox=\"0 0 384 512\" xmlns=\"http:\/\/www.w3.org\/2000\/svg\"><path d=\"M369.9 97.9L286 14C277 5 264.8-.1 252.1-.1H48C21.5 0 0 21.5 0 48v416c0 26.5 21.5 48 48 48h288c26.5 0 48-21.5 48-48V131.9c0-12.7-5.1-25-14.1-34zM332.1 128H256V51.9l76.1 76.1zM48 464V48h160v104c0 13.3 10.7 24 24 24h104v288H48zm250.2-143.7c-12.2-12-47-8.7-64.4-6.5-17.2-10.5-28.7-25-36.8-46.3 3.9-16.1 10.1-40.6 5.4-56-4.2-26.2-37.8-23.6-42.6-5.9-4.4 16.1-.4 38.5 7 67.1-10 23.9-24.9 56-35.4 74.4-20 10.3-47 26.2-51 46.2-3.3 15.8 26 55.2 76.1-31.2 22.4-7.4 46.8-16.5 68.4-20.1 18.9 10.2 41 17 55.8 17 25.5 0 28-28.2 17.5-38.7zm-198.1 77.8c5.1-13.7 24.5-29.5 30.4-35-19 30.3-30.4 35.7-30.4 35zm81.6-190.6c7.4 0 6.7 32.1 1.8 40.8-4.4-13.9-4.3-40.8-1.8-40.8zm-24.4 136.6c9.7-16.9 18-37 24.7-54.7 8.3 15.1 18.9 27.2 30.1 35.5-20.8 4.3-38.9 13.1-54.8 19.2zm131.6-5s-5 6-37.3-7.8c35.1-2.6 40.9 5.4 37.3 7.8z\"><\/path><\/svg>\t\t\t<\/span>\n\t\t\t\t\t\t\t\t\t<span class=\"elementor-button-text\">Explore our Strategic Insights <\/span>\n\t\t\t\t\t<\/span>\n\t\t\t\t\t<\/a>\n\t\t\t\t<\/div>\n\t\t\t\t\t\t\t\t<\/div>\n\t\t\t\t<\/div>\n\t\t\t\t\t<\/div>\n\t\t<\/div>\n\t\t\t\t<div class=\"elementor-column elementor-col-50 elementor-top-column elementor-element elementor-element-94c6a30\" data-id=\"94c6a30\" data-element_type=\"column\" data-e-type=\"column\" data-settings=\"{&quot;animation&quot;:&quot;none&quot;,&quot;background_background&quot;:&quot;classic&quot;}\">\n\t\t\t<div class=\"elementor-widget-wrap elementor-element-populated\">\n\t\t\t\t\t<div class=\"elementor-background-overlay\"><\/div>\n\t\t\t\t\t\t<div class=\"elementor-element elementor-element-7fce70d elementor-widget elementor-widget-spacer\" data-id=\"7fce70d\" data-element_type=\"widget\" data-e-type=\"widget\" data-widget_type=\"spacer.default\">\n\t\t\t\t<div class=\"elementor-widget-container\">\n\t\t\t\t\t\t\t<div class=\"elementor-spacer\">\n\t\t\t<div class=\"elementor-spacer-inner\"><\/div>\n\t\t<\/div>\n\t\t\t\t\t\t<\/div>\n\t\t\t\t<\/div>\n\t\t\t\t\t<\/div>\n\t\t<\/div>\n\t\t\t\t\t<\/div>\n\t\t<\/section>\n\t\t\t\t<section class=\"elementor-section elementor-top-section elementor-element elementor-element-6aca8996 elementor-section-boxed elementor-section-height-default elementor-section-height-default\" data-id=\"6aca8996\" data-element_type=\"section\" data-e-type=\"section\">\n\t\t\t\t\t\t<div class=\"elementor-container elementor-column-gap-default\">\n\t\t\t\t\t<div class=\"elementor-column elementor-col-100 elementor-top-column elementor-element elementor-element-558a2416 elementor-invisible\" data-id=\"558a2416\" data-element_type=\"column\" data-e-type=\"column\" data-settings=\"{&quot;animation&quot;:&quot;fadeIn&quot;,&quot;animation_delay&quot;:120}\">\n\t\t\t<div class=\"elementor-widget-wrap elementor-element-populated\">\n\t\t\t\t\t\t<div class=\"elementor-element elementor-element-36c9e9f7 elementor-grid-3 elementor-grid-tablet-2 elementor-grid-mobile-1 elementor-posts--thumbnail-top elementor-card-shadow-yes elementor-posts__hover-gradient elementor-widget elementor-widget-posts\" data-id=\"36c9e9f7\" data-element_type=\"widget\" data-e-type=\"widget\" data-settings=\"{&quot;cards_row_gap&quot;:{&quot;unit&quot;:&quot;px&quot;,&quot;size&quot;:20,&quot;sizes&quot;:[]},&quot;pagination_type&quot;:&quot;numbers_and_prev_next&quot;,&quot;cards_columns&quot;:&quot;3&quot;,&quot;cards_columns_tablet&quot;:&quot;2&quot;,&quot;cards_columns_mobile&quot;:&quot;1&quot;,&quot;cards_row_gap_tablet&quot;:{&quot;unit&quot;:&quot;px&quot;,&quot;size&quot;:&quot;&quot;,&quot;sizes&quot;:[]},&quot;cards_row_gap_mobile&quot;:{&quot;unit&quot;:&quot;px&quot;,&quot;size&quot;:&quot;&quot;,&quot;sizes&quot;:[]}}\" data-widget_type=\"posts.cards\">\n\t\t\t\t<div class=\"elementor-widget-container\">\n\t\t\t\t\t\t\t<div class=\"elementor-posts-container elementor-posts elementor-posts--skin-cards elementor-grid\" role=\"list\">\n\t\t\t\t<article class=\"elementor-post elementor-grid-item post-271 post type-post status-publish format-standard has-post-thumbnail hentry category-insights\" role=\"listitem\">\n\t\t\t<div class=\"elementor-post__card\">\n\t\t\t\t<a class=\"elementor-post__thumbnail__link\" href=\"https:\/\/www.vertuan.com\/en\/naviguer-dans-la-complexite-des-regulations-financieres-comment-se-preparer-aux-changements-a-venir\/\" tabindex=\"-1\" ><div class=\"elementor-post__thumbnail\"><img fetchpriority=\"high\" decoding=\"async\" width=\"768\" height=\"452\" src=\"https:\/\/www.vertuan.com\/wp-content\/uploads\/2025\/03\/graphique-finance-768x452.jpg\" class=\"attachment-medium_large size-medium_large wp-image-267\" alt=\"\" srcset=\"https:\/\/www.vertuan.com\/wp-content\/uploads\/2025\/03\/graphique-finance-768x452.jpg 768w, https:\/\/www.vertuan.com\/wp-content\/uploads\/2025\/03\/graphique-finance-300x176.jpg 300w, https:\/\/www.vertuan.com\/wp-content\/uploads\/2025\/03\/graphique-finance-1024x602.jpg 1024w, https:\/\/www.vertuan.com\/wp-content\/uploads\/2025\/03\/graphique-finance-1536x903.jpg 1536w, https:\/\/www.vertuan.com\/wp-content\/uploads\/2025\/03\/graphique-finance.jpg 2000w\" sizes=\"(max-width: 768px) 100vw, 768px\" \/><\/div><\/a>\n\t\t\t\t<div class=\"elementor-post__badge\">Insights<\/div>\n\t\t\t\t<div class=\"elementor-post__text\">\n\t\t\t\t<h3 class=\"elementor-post__title\">\n\t\t\t<a href=\"https:\/\/www.vertuan.com\/en\/naviguer-dans-la-complexite-des-regulations-financieres-comment-se-preparer-aux-changements-a-venir\/\" >\n\t\t\t\tNaviguer dans la complexit\u00e9 des r\u00e9gulations financi\u00e8res : Comment se pr\u00e9parer aux changements \u00e0 venir\t\t\t<\/a>\n\t\t<\/h3>\n\t\t\t\t<div class=\"elementor-post__excerpt\">\n\t\t\t<p>Le paysage r\u00e9glementaire \u00e9volue constamment, obligeant les entreprises et institutions financi\u00e8res \u00e0 s\u2019adapter en permanence. Entre la lutte contre le<\/p>\n\t\t<\/div>\n\t\t\t\t<\/div>\n\t\t\t\t\t<\/div>\n\t\t<\/article>\n\t\t\t\t<\/div>\n\t\t\n\t\t\t\t\t\t<\/div>\n\t\t\t\t<\/div>\n\t\t\t\t\t<\/div>\n\t\t<\/div>\n\t\t\t\t\t<\/div>\n\t\t<\/section>\n\t\t\t\t<section class=\"elementor-section elementor-top-section elementor-element elementor-element-208c4cd7 elementor-section-boxed elementor-section-height-default elementor-section-height-default elementor-invisible\" data-id=\"208c4cd7\" data-element_type=\"section\" data-e-type=\"section\" data-settings=\"{&quot;background_background&quot;:&quot;video&quot;,&quot;background_video_link&quot;:&quot;https:\\\/\\\/vimeo.com\\\/1066919176\\\/f25afda613&quot;,&quot;animation&quot;:&quot;fadeInUp&quot;,&quot;background_video_start&quot;:1,&quot;background_play_on_mobile&quot;:&quot;yes&quot;,&quot;background_privacy_mode&quot;:&quot;yes&quot;}\">\n\t\t\t\t\t\t\t\t<div class=\"elementor-background-video-container\">\n\t\t\t\t\t\t\t\t\t\t\t\t\t<div class=\"elementor-background-video-embed\" role=\"presentation\"><\/div>\n\t\t\t\t\t\t\t\t\t\t\t\t<\/div>\n\t\t\t\t\t\t\t\t\t<div class=\"elementor-background-overlay\"><\/div>\n\t\t\t\t\t\t\t<div class=\"elementor-container elementor-column-gap-default\">\n\t\t\t\t\t<div class=\"elementor-column elementor-col-100 elementor-top-column elementor-element elementor-element-2aad1a1a\" data-id=\"2aad1a1a\" data-element_type=\"column\" data-e-type=\"column\">\n\t\t\t<div class=\"elementor-widget-wrap elementor-element-populated\">\n\t\t\t\t\t\t<div class=\"elementor-element elementor-element-29e460e elementor-widget elementor-widget-image\" data-id=\"29e460e\" data-element_type=\"widget\" data-e-type=\"widget\" data-widget_type=\"image.default\">\n\t\t\t\t<div class=\"elementor-widget-container\">\n\t\t\t\t\t\t\t\t\t\t\t\t\t\t\t<img decoding=\"async\" src=\"https:\/\/www.vertuan.com\/wp-content\/uploads\/2025\/03\/Logo-light.svg\" title=\"\" alt=\"\" loading=\"lazy\" \/>\t\t\t\t\t\t\t\t\t\t\t\t\t\t\t<\/div>\n\t\t\t\t<\/div>\n\t\t\t\t<div class=\"elementor-element elementor-element-12df9c30 elementor-widget elementor-widget-heading\" data-id=\"12df9c30\" data-element_type=\"widget\" data-e-type=\"widget\" data-widget_type=\"heading.default\">\n\t\t\t\t<div class=\"elementor-widget-container\">\n\t\t\t\t\t<h3 class=\"elementor-heading-title elementor-size-default\">Transform Challenges into Competitive Advantage<\/h3>\t\t\t\t<\/div>\n\t\t\t\t<\/div>\n\t\t\t\t<div class=\"elementor-element elementor-element-eb9ce0e elementor-align-center elementor-widget elementor-widget-button\" data-id=\"eb9ce0e\" data-element_type=\"widget\" data-e-type=\"widget\" data-widget_type=\"button.default\">\n\t\t\t\t<div class=\"elementor-widget-container\">\n\t\t\t\t\t\t\t\t\t<div class=\"elementor-button-wrapper\">\n\t\t\t\t\t<a class=\"elementor-button elementor-button-link elementor-size-md elementor-animation-wobble-horizontal\" href=\"https:\/\/www.vertuan.com\/en\/contact\/\">\n\t\t\t\t\t\t<span class=\"elementor-button-content-wrapper\">\n\t\t\t\t\t\t\t\t\t<span class=\"elementor-button-text\">Contact us for personalized consultation<\/span>\n\t\t\t\t\t<\/span>\n\t\t\t\t\t<\/a>\n\t\t\t\t<\/div>\n\t\t\t\t\t\t\t\t<\/div>\n\t\t\t\t<\/div>\n\t\t\t\t\t<\/div>\n\t\t<\/div>\n\t\t\t\t\t<\/div>\n\t\t<\/section>\n\t\t\t\t<\/div>\n\t\t","protected":false},"excerpt":{"rendered":"<p>Put Knowledge at the Heart of Your Strategy Stay Ahead with our Insights Vertuan provides strategic analysis, briefings, and in-depth content, that helps clients decode and anticipate regulatory, economic, and geopolitical trends. We enable clients to convert external shifts into internal momentum. Strategic Insights News, Articles &amp; Commentary Briefings Explore our Strategic Insights Transform Challenges [&hellip;]<\/p>\n","protected":false},"author":1,"featured_media":0,"parent":0,"menu_order":0,"comment_status":"closed","ping_status":"closed","template":"elementor_header_footer","meta":{"_acf_changed":false,"inline_featured_image":false,"footnotes":""},"class_list":["post-1154","page","type-page","status-publish","hentry"],"acf":[],"yoast_head":"<!-- This site is optimized with the Yoast SEO plugin v27.3 - https:\/\/yoast.com\/product\/yoast-seo-wordpress\/ -->\n<title>Insights &amp; News - Vertuan<\/title>\n<meta name=\"description\" content=\"Vertuan provides high-impact content for executives, financial institutions, corporations and public entities.\" \/>\n<meta name=\"robots\" content=\"index, follow, max-snippet:-1, max-image-preview:large, max-video-preview:-1\" \/>\n<link rel=\"canonical\" href=\"https:\/\/www.vertuan.com\/en\/insights-news\/\" \/>\n<meta property=\"og:locale\" content=\"en_US\" \/>\n<meta property=\"og:type\" content=\"article\" \/>\n<meta property=\"og:title\" content=\"Insights &amp; News - Vertuan\" \/>\n<meta property=\"og:description\" content=\"Vertuan provides high-impact content for executives, financial institutions, corporations and public entities.\" \/>\n<meta property=\"og:url\" content=\"https:\/\/www.vertuan.com\/en\/insights-news\/\" \/>\n<meta property=\"og:site_name\" content=\"Vertuan\" \/>\n<meta property=\"article:modified_time\" content=\"2025-04-06T18:43:22+00:00\" \/>\n<meta property=\"og:image\" content=\"https:\/\/www.vertuan.com\/wp-content\/uploads\/2025\/03\/Logo-light.svg\" \/>\n<meta name=\"twitter:card\" content=\"summary_large_image\" \/>\n<script type=\"application\/ld+json\" class=\"yoast-schema-graph\">{\"@context\":\"https:\\\/\\\/schema.org\",\"@graph\":[{\"@type\":\"WebPage\",\"@id\":\"https:\\\/\\\/www.vertuan.com\\\/en\\\/insights-news\\\/\",\"url\":\"https:\\\/\\\/www.vertuan.com\\\/en\\\/insights-news\\\/\",\"name\":\"Insights &amp; News - Vertuan\",\"isPartOf\":{\"@id\":\"https:\\\/\\\/www.vertuan.com\\\/#website\"},\"primaryImageOfPage\":{\"@id\":\"https:\\\/\\\/www.vertuan.com\\\/en\\\/insights-news\\\/#primaryimage\"},\"image\":{\"@id\":\"https:\\\/\\\/www.vertuan.com\\\/en\\\/insights-news\\\/#primaryimage\"},\"thumbnailUrl\":\"https:\\\/\\\/www.vertuan.com\\\/wp-content\\\/uploads\\\/2025\\\/03\\\/Logo-light.svg\",\"datePublished\":\"2025-03-19T12:52:46+00:00\",\"dateModified\":\"2025-04-06T18:43:22+00:00\",\"description\":\"Vertuan provides high-impact content for executives, financial institutions, corporations and public entities.\",\"breadcrumb\":{\"@id\":\"https:\\\/\\\/www.vertuan.com\\\/en\\\/insights-news\\\/#breadcrumb\"},\"inLanguage\":\"en-US\",\"potentialAction\":[{\"@type\":\"ReadAction\",\"target\":[\"https:\\\/\\\/www.vertuan.com\\\/en\\\/insights-news\\\/\"]}]},{\"@type\":\"ImageObject\",\"inLanguage\":\"en-US\",\"@id\":\"https:\\\/\\\/www.vertuan.com\\\/en\\\/insights-news\\\/#primaryimage\",\"url\":\"https:\\\/\\\/www.vertuan.com\\\/wp-content\\\/uploads\\\/2025\\\/03\\\/Logo-light.svg\",\"contentUrl\":\"https:\\\/\\\/www.vertuan.com\\\/wp-content\\\/uploads\\\/2025\\\/03\\\/Logo-light.svg\"},{\"@type\":\"BreadcrumbList\",\"@id\":\"https:\\\/\\\/www.vertuan.com\\\/en\\\/insights-news\\\/#breadcrumb\",\"itemListElement\":[{\"@type\":\"ListItem\",\"position\":1,\"name\":\"Accueil\",\"item\":\"https:\\\/\\\/www.vertuan.com\\\/en\\\/vertuan\\\/\"},{\"@type\":\"ListItem\",\"position\":2,\"name\":\"Insights &amp; News\"}]},{\"@type\":\"WebSite\",\"@id\":\"https:\\\/\\\/www.vertuan.com\\\/#website\",\"url\":\"https:\\\/\\\/www.vertuan.com\\\/\",\"name\":\"Vertuan\",\"description\":\"\",\"publisher\":{\"@id\":\"https:\\\/\\\/www.vertuan.com\\\/#organization\"},\"potentialAction\":[{\"@type\":\"SearchAction\",\"target\":{\"@type\":\"EntryPoint\",\"urlTemplate\":\"https:\\\/\\\/www.vertuan.com\\\/?s={search_term_string}\"},\"query-input\":{\"@type\":\"PropertyValueSpecification\",\"valueRequired\":true,\"valueName\":\"search_term_string\"}}],\"inLanguage\":\"en-US\"},{\"@type\":\"Organization\",\"@id\":\"https:\\\/\\\/www.vertuan.com\\\/#organization\",\"name\":\"Vertuan\",\"url\":\"https:\\\/\\\/www.vertuan.com\\\/\",\"logo\":{\"@type\":\"ImageObject\",\"inLanguage\":\"en-US\",\"@id\":\"https:\\\/\\\/www.vertuan.com\\\/#\\\/schema\\\/logo\\\/image\\\/\",\"url\":\"https:\\\/\\\/www.vertuan.com\\\/wp-content\\\/uploads\\\/2025\\\/03\\\/Logo.svg\",\"contentUrl\":\"https:\\\/\\\/www.vertuan.com\\\/wp-content\\\/uploads\\\/2025\\\/03\\\/Logo.svg\",\"width\":160,\"height\":28,\"caption\":\"Vertuan\"},\"image\":{\"@id\":\"https:\\\/\\\/www.vertuan.com\\\/#\\\/schema\\\/logo\\\/image\\\/\"}}]}<\/script>\n<!-- \/ Yoast SEO plugin. -->","yoast_head_json":{"title":"Insights &amp; News - Vertuan","description":"Vertuan provides high-impact content for executives, financial institutions, corporations and public entities.","robots":{"index":"index","follow":"follow","max-snippet":"max-snippet:-1","max-image-preview":"max-image-preview:large","max-video-preview":"max-video-preview:-1"},"canonical":"https:\/\/www.vertuan.com\/en\/insights-news\/","og_locale":"en_US","og_type":"article","og_title":"Insights &amp; News - Vertuan","og_description":"Vertuan provides high-impact content for executives, financial institutions, corporations and public entities.","og_url":"https:\/\/www.vertuan.com\/en\/insights-news\/","og_site_name":"Vertuan","article_modified_time":"2025-04-06T18:43:22+00:00","og_image":[{"url":"https:\/\/www.vertuan.com\/wp-content\/uploads\/2025\/03\/Logo-light.svg","type":"","width":"","height":""}],"twitter_card":"summary_large_image","schema":{"@context":"https:\/\/schema.org","@graph":[{"@type":"WebPage","@id":"https:\/\/www.vertuan.com\/en\/insights-news\/","url":"https:\/\/www.vertuan.com\/en\/insights-news\/","name":"Insights &amp; News - Vertuan","isPartOf":{"@id":"https:\/\/www.vertuan.com\/#website"},"primaryImageOfPage":{"@id":"https:\/\/www.vertuan.com\/en\/insights-news\/#primaryimage"},"image":{"@id":"https:\/\/www.vertuan.com\/en\/insights-news\/#primaryimage"},"thumbnailUrl":"https:\/\/www.vertuan.com\/wp-content\/uploads\/2025\/03\/Logo-light.svg","datePublished":"2025-03-19T12:52:46+00:00","dateModified":"2025-04-06T18:43:22+00:00","description":"Vertuan provides high-impact content for executives, financial institutions, corporations and public entities.","breadcrumb":{"@id":"https:\/\/www.vertuan.com\/en\/insights-news\/#breadcrumb"},"inLanguage":"en-US","potentialAction":[{"@type":"ReadAction","target":["https:\/\/www.vertuan.com\/en\/insights-news\/"]}]},{"@type":"ImageObject","inLanguage":"en-US","@id":"https:\/\/www.vertuan.com\/en\/insights-news\/#primaryimage","url":"https:\/\/www.vertuan.com\/wp-content\/uploads\/2025\/03\/Logo-light.svg","contentUrl":"https:\/\/www.vertuan.com\/wp-content\/uploads\/2025\/03\/Logo-light.svg"},{"@type":"BreadcrumbList","@id":"https:\/\/www.vertuan.com\/en\/insights-news\/#breadcrumb","itemListElement":[{"@type":"ListItem","position":1,"name":"Accueil","item":"https:\/\/www.vertuan.com\/en\/vertuan\/"},{"@type":"ListItem","position":2,"name":"Insights &amp; News"}]},{"@type":"WebSite","@id":"https:\/\/www.vertuan.com\/#website","url":"https:\/\/www.vertuan.com\/","name":"Vertuan","description":"","publisher":{"@id":"https:\/\/www.vertuan.com\/#organization"},"potentialAction":[{"@type":"SearchAction","target":{"@type":"EntryPoint","urlTemplate":"https:\/\/www.vertuan.com\/?s={search_term_string}"},"query-input":{"@type":"PropertyValueSpecification","valueRequired":true,"valueName":"search_term_string"}}],"inLanguage":"en-US"},{"@type":"Organization","@id":"https:\/\/www.vertuan.com\/#organization","name":"Vertuan","url":"https:\/\/www.vertuan.com\/","logo":{"@type":"ImageObject","inLanguage":"en-US","@id":"https:\/\/www.vertuan.com\/#\/schema\/logo\/image\/","url":"https:\/\/www.vertuan.com\/wp-content\/uploads\/2025\/03\/Logo.svg","contentUrl":"https:\/\/www.vertuan.com\/wp-content\/uploads\/2025\/03\/Logo.svg","width":160,"height":28,"caption":"Vertuan"},"image":{"@id":"https:\/\/www.vertuan.com\/#\/schema\/logo\/image\/"}}]}},"_links":{"self":[{"href":"https:\/\/www.vertuan.com\/en\/wp-json\/wp\/v2\/pages\/1154","targetHints":{"allow":["GET"]}}],"collection":[{"href":"https:\/\/www.vertuan.com\/en\/wp-json\/wp\/v2\/pages"}],"about":[{"href":"https:\/\/www.vertuan.com\/en\/wp-json\/wp\/v2\/types\/page"}],"author":[{"embeddable":true,"href":"https:\/\/www.vertuan.com\/en\/wp-json\/wp\/v2\/users\/1"}],"replies":[{"embeddable":true,"href":"https:\/\/www.vertuan.com\/en\/wp-json\/wp\/v2\/comments?post=1154"}],"version-history":[{"count":1,"href":"https:\/\/www.vertuan.com\/en\/wp-json\/wp\/v2\/pages\/1154\/revisions"}],"predecessor-version":[{"id":1155,"href":"https:\/\/www.vertuan.com\/en\/wp-json\/wp\/v2\/pages\/1154\/revisions\/1155"}],"wp:attachment":[{"href":"https:\/\/www.vertuan.com\/en\/wp-json\/wp\/v2\/media?parent=1154"}],"curies":[{"name":"wp","href":"https:\/\/api.w.org\/{rel}","templated":true}]}}